{"id":170,"date":"2021-09-24T20:38:19","date_gmt":"2021-09-24T18:38:19","guid":{"rendered":"https:\/\/qrtriptags.com\/revocation\/"},"modified":"2023-08-30T11:58:20","modified_gmt":"2023-08-30T09:58:20","slug":"revocation","status":"publish","type":"page","link":"https:\/\/qrtriptags.com\/de\/revocation\/","title":{"rendered":"Widerrufsbelehrung"},"content":{"rendered":"<h1 class=\"uppercase\">Widerrufsbelehrung<\/h1>\n<p>Vielen Dank f\u00fcr deinen Einkauf. Wir hoffen, dass du mit deinen Produkten zufrieden bist. Solltest du jedoch aus irgendeinem Grund mit den Produkten nicht zufrieden sein, kannst du sie gegen eine vollst\u00e4ndige R\u00fcckerstattung des Produkt-Kaufpreises an uns zur\u00fcckgeben. Weitere Informationen zu unserem R\u00fcckgaberecht findest du im Folgenden.<\/p>\n<h4>R\u00dcCKSENDUNGEN<\/h4>\n<p>Alle R\u00fccksendungen m\u00fcssen innerhalb von vierzehn (14) Tagen nach dem Kaufdatum abgeschickt werden (Poststempel). Alle zur\u00fcckgesandten Artikel m\u00fcssen in neuem, unbenutzten Zustand sein, mit allen Originaletiketten und -anh\u00e4ngern.<\/p>\n<h4>R\u00dcCKGABEPROZESS<\/h4>\n<p>Um einen Artikel zur\u00fcckzusenden, sende bitte eine E-Mail an den Kundendienst unter support@qrtriptags.com, um eine R\u00fccksendenummer (RMA-Nummer) zu erhalten. Nachdem du eine RMA-Nummer erhalten hast, lege den Artikel sicher in die Originalverpackung und schicke deine R\u00fccksendung an die folgende Adresse:<\/p>\n<p>Desigion UG (haftungsbeschr\u00e4nkt)<br \/>Betreff: R\u00fccksendung<br \/>RMA #<br \/>Niedernstr. 39<br \/>33602 Bielefeld<br \/>Deutschland<\/p>\n<p>Bitte beachte, dass du f\u00fcr alle R\u00fccksendekosten verantwortlich bist. Wir empfehlen dir dringend, eine verfolgbare Methode f\u00fcr deine R\u00fccksendung zu verwenden.<\/p>\n<h4>R\u00dcCKERSTATTUNGEN<\/h4>\n<p>Nachdem wir deine R\u00fccksendung erhalten und den Zustand deines Artikels gepr\u00fcft haben, werden wir deine R\u00fccksendung bearbeiten. Bitte rechne mit einer Bearbeitungszeit von mindestens vierzehn (14) Tagen ab Eingang der Sendung. Wenn nicht anders vereinbart, wird das Zahlungsmittel verwendet, das bei der urspr\u00fcnglichen Bestellung eingesetzt wurde. Je nach Kreditkartenunternehmen kann es 1-2 Abrechnungszyklen dauern, bis die R\u00fcckerstattung auf der Kreditkartenabrechnung erscheint. Wir werden dich per E-Mail benachrichtigen, wenn deine R\u00fccksendung bearbeitet worden ist.<\/p>\n<h4>AUSNAHMEN<\/h4>\n<p>Die folgenden Artikel k\u00f6nnen nicht zur\u00fcckgegeben werden:<\/p>\n<ul>\n<li>kundenspezifische Produkte<\/li>\n<\/ul>\n<p>F\u00fcr defekte oder besch\u00e4digte Produkte kontaktiere uns bitte unter den untenstehenden Kontaktdaten, um eine R\u00fcckerstattung oder einen Umtausch zu vereinbaren.<\/p>\n<p>Bitte beachte:<\/p>\n<ul>\n<li>Sale-Produkte sind Endverkaufsartikel und k\u00f6nnen nicht zur\u00fcckgegeben werden.<\/li>\n<\/ul>\n<h4>FRAGEN<\/h4>\n<p>Wenn du Fragen zu unserer R\u00fcckgaberegelung hast, kontaktiere uns bitte unter: support@qrtriptags.com<\/p>\n<h4>WIDERRUFSFORMULAR<\/h4>\n<p>Wenn du den Vertrag widerrufen m\u00f6chtest, f\u00fclle bitte dieses Formular aus und sende es an:<\/p>\n<p>Desigion UG (haftungsbeschr\u00e4nkt)<br \/>Niedernstr. 39<br \/>33602 Bielefeld<br \/>Deutschland<br \/>E-Mail: support@qrtriptags.com<\/p>\n<p>Hiermit widerrufe(n) ich\/wir (*) den von mir\/uns (*) abgeschlossenen Vertrag \u00fcber den Kauf der folgenden Waren (*)\/die Erbringung der folgenden Dienstleistung (*)<\/p>\n<p>________________________________________________________<\/p>\n<p>________________________________________________________<\/p>\n<p>Bestellt am (*) ____________ \/ erhalten am (*) _________________<\/p>\n<p>________________________________________________________<\/p>\n<p>Name des\/der Verbraucher(s)<\/p>\n<p>________________________________________________________<\/p>\n<p>Anschrift des\/der Verbraucher(s)<\/p>\n<p>________________________________________________________<\/p>\n<p>Unterschrift des\/der Verbraucher(s) (nur bei Mitteilung auf Papier)<\/p>\n<p>_________________________<\/p>\n<p>Datum<\/p>\n<p>(*) Unzutreffendes streichen<\/p>","protected":false},"excerpt":{"rendered":"<p>Cancellation Policy Thank you for your purchase. We hope you are happy with your products. However, if you are not completely satisfied with your products for any reason, you may return it to us for a full refund of the product price only. Please see below for more information on our return policy. RETURNS All [&#8230;]\n","protected":false},"author":1,"featured_media":0,"parent":0,"menu_order":0,"comment_status":"closed","ping_status":"closed","template":"","meta":{"footnotes":""},"class_list":["post-170","page","type-page","status-publish","hentry"],"_links":{"self":[{"href":"https:\/\/qrtriptags.com\/de\/wp-json\/wp\/v2\/pages\/170","targetHints":{"allow":["GET"]}}],"collection":[{"href":"https:\/\/qrtriptags.com\/de\/wp-json\/wp\/v2\/pages"}],"about":[{"href":"https:\/\/qrtriptags.com\/de\/wp-json\/wp\/v2\/types\/page"}],"author":[{"embeddable":true,"href":"https:\/\/qrtriptags.com\/de\/wp-json\/wp\/v2\/users\/1"}],"replies":[{"embeddable":true,"href":"https:\/\/qrtriptags.com\/de\/wp-json\/wp\/v2\/comments?post=170"}],"version-history":[{"count":0,"href":"https:\/\/qrtriptags.com\/de\/wp-json\/wp\/v2\/pages\/170\/revisions"}],"wp:attachment":[{"href":"https:\/\/qrtriptags.com\/de\/wp-json\/wp\/v2\/media?parent=170"}],"curies":[{"name":"wp","href":"https:\/\/api.w.org\/{rel}","templated":true}]}}