{"id":171,"date":"2021-09-24T20:38:19","date_gmt":"2021-09-24T18:38:19","guid":{"rendered":"https:\/\/qrtriptags.com\/shipping-methods\/"},"modified":"2022-11-02T12:44:58","modified_gmt":"2022-11-02T11:44:58","slug":"payment-shipping","status":"publish","type":"page","link":"https:\/\/qrtriptags.com\/de\/payment-shipping\/","title":{"rendered":"Payment &#038; Shipping"},"content":{"rendered":"<div class=\"row\"  id=\"row-1754435541\">\n\n\t<div id=\"col-1782394776\" class=\"col small-12 large-12\"  >\n\t\t\t\t<div class=\"col-inner\"  >\n\t\t\t\n\t\t\t\n<h1 class=\"uppercase\">Zahlung und Versand<\/h1>\n<h3>Zahlungsm\u00f6glichkeiten<\/h3>\n<p>Es werden folgende Zahlungsm\u00f6glichkeiten angeboten:<\/p>\n<ul>\n<li><strong>PayPal<\/strong><br \/>Um mit PayPal zahlen zu k\u00f6nnen, ben\u00f6tigst du einen PayPal-Account. Darin hinterlegst du deine Kontodaten bzw. eine Kreditkarte. Nach einem Klick auf den Kaufen-Button auf QR TripTags wirst du auf die PayPal-Seite weitergeleitet, loggst dich dort in deinen Account ein und zahlst schnell und einfach mit wenigen Klicks.<\/li>\n<li><strong>Kreditkarte<\/strong><\/li>\n<li><strong>Klarna<\/strong><\/li>\n<li><strong>SOFORT \u00dcberweisung<\/strong><\/li>\n<\/ul>\n<h3>Versand<\/h3>\n<p>Wir versenden unsere Ware ausschlie\u00dflich versichert.<\/p>\n<p><strong>Versand innerhalb Deutschlands:<\/strong><\/p>\n<ul>\n<li>Die Versandkosten belaufen sich auf 3,50 EUR.<\/li>\n<li>Der Versand erfolgt per Deutsche Post\/DHL.<\/li>\n<li>Versandkostenfreie Lieferung ab einem Bestellwert von 35 EUR.<\/li>\n<\/ul>\n<p><strong>Versand innerhalb Europas:<\/strong><\/p>\n<ul>\n<li>Die Versandkosten belaufen sich auf 6,50 EUR.<\/li>\n<li>Der Versand erfolgt per Deutsche Post\/DHL.<\/li>\n<li>Versandkostenfreie Lieferung ab einem Bestellwert von 50 EUR.<\/li>\n<\/ul>\n<p><strong>Versand au\u00dferhalb Europas:<\/strong><\/p>\n<ul>\n<li>Die Versandkosten belaufen sich auf 8,00 EUR.<\/li>\n<li>Der Versand erfolgt per Deutsche Post\/DHL.<\/li>\n<li>Versandkostenfreie Lieferung ab einem Bestellwert von 80 EUR.<\/li>\n<\/ul>\n<p><strong>Wichtiger Hinweis f\u00fcr Bestellungen au\u00dferhalb Deutschlands:<\/strong><\/p>\n<p>Beim Versand in L\u00e4nder au\u00dferhalb Deutschlands k\u00f6nnen ggf. weitere Kosten, Steuern oder Zollgeb\u00fchren anfallen. Diese sind vom Empf\u00e4nger bzw. von der Empf\u00e4ngerin zu tragen.<\/p>\n<p><strong>Expressversand:<\/strong><\/p>\n<p>In Ausnahmef\u00e4llen ist auch ein Express-Versand m\u00f6glich. Bitte sende eine E-Mail an help@qrtriptags.com mit deiner Frage und Adresse, damit wir dir einen Kostenvoranschlag f\u00fcr den Versand schicken k\u00f6nnen. Deine Daten werden nur f\u00fcr diesen Zweck verwendet.<\/p>\n<h3><strong>Gesch\u00e4tzte Lieferzeit<\/strong><\/h3>\n<ul>\n<li>Deutschland: 2 - 3 Werktage<\/li>\n<li>Europa: 1 - 2 Wochen<\/li>\n<li>Au\u00dferhalb Europas: 4 - 6 Wochen<\/li>\n<\/ul>\n\t\t<\/div>\n\t\t\t\t\t<\/div>\n\n\t\n<\/div>","protected":false},"excerpt":{"rendered":"","protected":false},"author":1,"featured_media":0,"parent":0,"menu_order":0,"comment_status":"closed","ping_status":"closed","template":"","meta":{"footnotes":""},"class_list":["post-171","page","type-page","status-publish","hentry"],"_links":{"self":[{"href":"https:\/\/qrtriptags.com\/de\/wp-json\/wp\/v2\/pages\/171","targetHints":{"allow":["GET"]}}],"collection":[{"href":"https:\/\/qrtriptags.com\/de\/wp-json\/wp\/v2\/pages"}],"about":[{"href":"https:\/\/qrtriptags.com\/de\/wp-json\/wp\/v2\/types\/page"}],"author":[{"embeddable":true,"href":"https:\/\/qrtriptags.com\/de\/wp-json\/wp\/v2\/users\/1"}],"replies":[{"embeddable":true,"href":"https:\/\/qrtriptags.com\/de\/wp-json\/wp\/v2\/comments?post=171"}],"version-history":[{"count":0,"href":"https:\/\/qrtriptags.com\/de\/wp-json\/wp\/v2\/pages\/171\/revisions"}],"wp:attachment":[{"href":"https:\/\/qrtriptags.com\/de\/wp-json\/wp\/v2\/media?parent=171"}],"curies":[{"name":"wp","href":"https:\/\/api.w.org\/{rel}","templated":true}]}}