{"id":210,"date":"2021-09-24T22:43:59","date_gmt":"2021-09-24T20:43:59","guid":{"rendered":"https:\/\/qrtriptags.com\/?page_id=210"},"modified":"2021-10-04T11:21:16","modified_gmt":"2021-10-04T09:21:16","slug":"features","status":"publish","type":"page","link":"https:\/\/qrtriptags.com\/de\/features\/","title":{"rendered":"Funktionen"},"content":{"rendered":"<div class=\"row\"  id=\"row-131377957\">\n\n\t<div id=\"col-633810198\" class=\"col small-12 large-12\"  >\n\t\t\t\t<div class=\"col-inner\"  >\n\t\t\t\n\t\t\t\n<h1 class=\"uppercase\">Alle Funktionen deines QR TripTags<\/h1>\n\t<div id=\"gap-265011204\" class=\"gap-element clearfix\" style=\"display:block; height:auto;\">\n\t\t\n<style>\n#gap-265011204 {\n  padding-top: 30px;\n}\n<\/style>\n\t<\/div>\n\t\n<p>Endlich ist es so weit \u2013 eine Reise ist geplant. Voller Vorfreude packst du deinen Koffer und bist besorgt, dass du etwas vergessen hast. Doch h\u00e4ufig ist es nicht die eine Unterhose, die du eventuell zu wenig einpackst. Mehr Sorgen sollte dir die Tatsache bereiten, dass laut Statistiken ein Koffer pro Flug verlorengeht. Viele Menschen nutzen deshalb klassische Gep\u00e4ckanh\u00e4nger und notieren ihre Adresse auf Papier. So kann das Gep\u00e4ck immerhin nach Hause geschickt werden.<\/p>\n<h3>Aktuelle Adressdaten und Reiseziele<\/h3>\n<p>Doch was tun, wenn das Gep\u00e4ck verlorengeht und schneller ben\u00f6tigt wird oder du gar eine Reise mit mehreren Stopps machst? Dann n\u00fctzt dir das Gep\u00e4ck zu Hause ziemlich wenig. Der QR TripTag l\u00f6st dieses Problem: Er ist nicht nur wasserfest und robust, sondern wiederverwendbar und stets aktuell. Stets aktuell? Ja, denn deine Daten stehen nicht auf einem St\u00fcck Papier, sondern sind in deiner digitalen Adresskarte hinterlegt \u2013 der TripCard. Du kannst sie von \u00fcberall aus mit jedem internetf\u00e4higen Ger\u00e4t (Smartphone, Tablet, Laptop\/PC) zu jeder Zeit aktualisieren. Das funktioniert sogar noch, wenn das Gep\u00e4ck bereits verlorengegangen ist.<\/p>\n<p>In der TripCard kannst du neben deiner Postanschrift auch deine Reisedaten und -ziele eintragen. So wei\u00df der Finder oder die Finderin deines Gep\u00e4cks sofort, wo du dich aufh\u00e4ltst, und dein Gep\u00e4ck ben\u00f6tigst. Auslesen kann man den TripTag \u00fcbrigens mit jeder beliebigen QR-Code-App, auch mit den kostenlosen. Interessanter Technik-Fakt: QR-Codes sind so konzipiert, dass ein Scannen noch immer gut funktioniert, wenn 30% des Codes besch\u00e4digt oder verschmutzt sind.<\/p>\n<h3>Erh\u00f6hte Datensicherheit<\/h3>\n<p>Da deine pers\u00f6nlichen Angaben nicht f\u00fcr jeden lesbar am Gep\u00e4ck h\u00e4ngen, haben es Betr\u00fcger und Betr\u00fcgerinnen schwerer. Abgesehen davon, dass deine Daten auf einem Server in Deutschland mit SSL-Verschl\u00fcsselung gespeichert werden, k\u00f6nnen sie nicht mit einem Blick auf deinen Gep\u00e4ckanh\u00e4nger gestohlen werden. Au\u00dferdem hast du die M\u00f6glichkeit, deine TripCard zu deaktivieren, wenn dein Gep\u00e4ck bei dir und somit in sicheren H\u00e4nden ist. Falls also eine Person mit b\u00f6sen Absichten ein Foto deines QR-Codes macht, kann sie deine Daten trotzdem nicht einsehen, wenn deine TripCard deaktiviert ist.<\/p>\n\t\t<\/div>\n\t\t\t\t\n<style>\n#col-633810198 > .col-inner {\n  margin: 20px 0px 0px 0px;\n}\n<\/style>\n\t<\/div>\n\n\t\n<\/div>","protected":false},"excerpt":{"rendered":"","protected":false},"author":1,"featured_media":0,"parent":0,"menu_order":0,"comment_status":"closed","ping_status":"closed","template":"","meta":{"footnotes":""},"class_list":["post-210","page","type-page","status-publish","hentry"],"_links":{"self":[{"href":"https:\/\/qrtriptags.com\/de\/wp-json\/wp\/v2\/pages\/210","targetHints":{"allow":["GET"]}}],"collection":[{"href":"https:\/\/qrtriptags.com\/de\/wp-json\/wp\/v2\/pages"}],"about":[{"href":"https:\/\/qrtriptags.com\/de\/wp-json\/wp\/v2\/types\/page"}],"author":[{"embeddable":true,"href":"https:\/\/qrtriptags.com\/de\/wp-json\/wp\/v2\/users\/1"}],"replies":[{"embeddable":true,"href":"https:\/\/qrtriptags.com\/de\/wp-json\/wp\/v2\/comments?post=210"}],"version-history":[{"count":0,"href":"https:\/\/qrtriptags.com\/de\/wp-json\/wp\/v2\/pages\/210\/revisions"}],"wp:attachment":[{"href":"https:\/\/qrtriptags.com\/de\/wp-json\/wp\/v2\/media?parent=210"}],"curies":[{"name":"wp","href":"https:\/\/api.w.org\/{rel}","templated":true}]}}