{"id":230,"date":"2021-09-25T17:57:07","date_gmt":"2021-09-25T15:57:07","guid":{"rendered":"https:\/\/qrtriptags.com\/?page_id=230"},"modified":"2022-09-18T14:13:38","modified_gmt":"2022-09-18T12:13:38","slug":"triptag-for-companies","status":"publish","type":"page","link":"https:\/\/qrtriptags.com\/de\/triptag-for-companies\/","title":{"rendered":"TripTag f\u00fcr Unternehmen"},"content":{"rendered":"<h1 class=\"uppercase\">TripTag f\u00fcr Unternehmen<\/h1>\n<p>Sie f\u00fchren ein Unternehmen, in dem die Angestellten viel reisen m\u00fcssen? Sie sind im Bereich Reisen t\u00e4tig und m\u00f6chten Ihren Kundinnen und Kunden ein zus\u00e4tzliches Gef\u00fchl der Sicherheit geben, weshalb Sie sie mit einem besonderen Goodie ausstatten m\u00f6chten? Sie ben\u00f6tigen aus anderen Gr\u00fcnden gr\u00f6\u00dfere St\u00fcckzahlen mit Individualisierung unserer digitalen, immer aktuellen, hochwertigen Kofferanh\u00e4nger? Dann ist dies das Angebot, das Ihre Anspr\u00fcche erf\u00fcllt.<\/p>\n\t<div id=\"text-3007260923\" class=\"text home-vorteile\">\n\t\t\n<p><strong>Mit unserem Firmen-Angebot erhalten Sie:<\/strong><\/p>\n<ul>\n<li>Individuell gestaltete QR TripTags durch unseren Designservice, z.B. in Ihrem Corporate Design.<\/li>\n<li>Unseren attraktiven Firmenrabatt.<\/li>\n<li>Optional: Anpassung der Verpackung an Ihr Design.<\/li>\n<\/ul>\n\t\t\t<\/div>\n\t\n\n<div class=\"wpcf7 no-js\" id=\"wpcf7-f505-o1\" lang=\"de-DE\" dir=\"ltr\" data-wpcf7-id=\"505\">\n<div class=\"screen-reader-response\"><p role=\"status\" aria-live=\"polite\" aria-atomic=\"true\"><\/p> <ul><\/ul><\/div>\n<form action=\"\/de\/wp-json\/wp\/v2\/pages\/230#wpcf7-f505-o1\" method=\"post\" class=\"wpcf7-form init\" aria-label=\"Kontaktformular\" novalidate=\"novalidate\" data-status=\"init\" data-trp-original-action=\"\/de\/wp-json\/wp\/v2\/pages\/230#wpcf7-f505-o1\">\n<fieldset class=\"hidden-fields-container\"><input type=\"hidden\" name=\"_wpcf7\" value=\"505\" \/><input type=\"hidden\" name=\"_wpcf7_version\" value=\"6.1.5\" \/><input type=\"hidden\" name=\"_wpcf7_locale\" value=\"de_DE\" \/><input type=\"hidden\" name=\"_wpcf7_unit_tag\" value=\"wpcf7-f505-o1\" \/><input type=\"hidden\" name=\"_wpcf7_container_post\" value=\"0\" \/><input type=\"hidden\" name=\"_wpcf7_posted_data_hash\" value=\"\" \/>\n<\/fieldset>\n<h4>Informationen \u00fcber Ihre TripTags\n<\/h4>\n<p style=\"margin: 20px auto\">Wenn Sie als Unternehmen agieren, k\u00f6nnen Sie dieses Formular nutzen, um ein unverbindliches Angebot f\u00fcr Ihre individuellen TripTags anzufordern.\n<\/p>\n<p><label class=\"form-left\">Wie viele TripTags ben\u00f6tigen Sie?<br \/>\n<span class=\"wpcf7-form-control-wrap\" data-name=\"Quantity\"><select class=\"wpcf7-form-control wpcf7-select wpcf7-validates-as-required\" aria-required=\"true\" aria-invalid=\"false\" name=\"Quantity\"><option value=\"\">&#8211; Bitte ausw\u00e4hlen &#8211;<\/option><option value=\"100\">100<\/option><option value=\"250\">250<\/option><option value=\"500\">500<\/option><option value=\"1.000\">1.000<\/option><option value=\"1.500\">1.500<\/option><option value=\"2.000\">2.000<\/option><option value=\"Other (Please specify in note field!)\">Andere (Bitte im Kommentarfeld angeben!)<\/option><\/select><\/span><\/label><label class=\"form-right\">Welche Design-Option wird gew\u00fcnscht?<br \/>\n<span class=\"wpcf7-form-control-wrap\" data-name=\"Design\"><select class=\"wpcf7-form-control wpcf7-select wpcf7-validates-as-required\" aria-required=\"true\" aria-invalid=\"false\" name=\"Design\"><option value=\"\">&#8211; Bitte ausw\u00e4hlen &#8211;<\/option><option value=\"I do not need a custom design and choose from the existing range.\">Ich ben\u00f6tige kein individuelles Design und w\u00e4hle aus dem bestehenden Sortiment.<\/option><option value=\"I just want to place my logo into an existing design.\">Ich m\u00f6chte nur mein Logo in ein bestehendes Design einf\u00fcgen.<\/option><option value=\"I would like the entire TripTag (front and back) to be customized.\">Ich m\u00f6chte den gesamten TripTag (Vorder- und R\u00fcckseite) individuell gestalten lassen.<\/option><\/select><\/span><\/label>\n<\/p>\n<p><label>Weitere Informationen zu dem Design oder Ihrer Anfrage:<br \/>\n<span class=\"wpcf7-form-control-wrap\" data-name=\"Address\"><textarea cols=\"40\" rows=\"10\" maxlength=\"2000\" class=\"wpcf7-form-control wpcf7-textarea\" aria-invalid=\"false\" name=\"Address\"><\/textarea><\/span><\/label><br \/>\n<label class=\"form-left\"><span class=\"wpcf7-form-control-wrap\" data-name=\"Company\"><input size=\"40\" maxlength=\"400\" class=\"wpcf7-form-control wpcf7-text wpcf7-validates-as-required\" aria-required=\"true\" aria-invalid=\"false\" placeholder=\"Unternehmen\" value=\"\" type=\"text\" name=\"Company\" \/><\/span><\/label><br \/>\n<label class=\"form-right full-address\"><span class=\"wpcf7-form-control-wrap\" data-name=\"Address\"><textarea cols=\"40\" rows=\"10\" maxlength=\"2000\" class=\"wpcf7-form-control wpcf7-textarea\" aria-invalid=\"false\" placeholder=\"Vollst\u00e4ndige Adresse\" name=\"Address\"><\/textarea><\/span><\/label><br \/>\n<label class=\"form-left\"><span class=\"wpcf7-form-control-wrap\" data-name=\"Contactperson\"><input size=\"40\" maxlength=\"400\" class=\"wpcf7-form-control wpcf7-text\" aria-invalid=\"false\" placeholder=\"Kontaktperson\" value=\"\" type=\"text\" name=\"Contactperson\" \/><\/span><\/label><br \/>\n<label class=\"form-left\"><span class=\"wpcf7-form-control-wrap\" data-name=\"E-Mail\"><input size=\"40\" maxlength=\"400\" class=\"wpcf7-form-control wpcf7-email wpcf7-validates-as-required wpcf7-text wpcf7-validates-as-email\" aria-required=\"true\" aria-invalid=\"false\" placeholder=\"E-Mail-Adresse\" value=\"\" type=\"email\" name=\"E-Mail\" \/><\/span><\/label>\n<\/p>\n<p><span class=\"wpcf7-form-control-wrap\" data-name=\"Privacy\"><span class=\"wpcf7-form-control wpcf7-acceptance\"><span class=\"wpcf7-list-item\"><label><input type=\"checkbox\" name=\"Privacy\" value=\"1\" aria-invalid=\"false\" \/><span class=\"wpcf7-list-item-label\">Ich best\u00e4tige, dass meine Kontaktdaten zur Bearbeitung meiner Anfrage verwendet werden d\u00fcrfen. Es gelten die Datenschutzbestimmungen dieser Website.<\/span><\/label><\/span><\/span><\/span>\n<\/p>\n<p><input class=\"wpcf7-form-control wpcf7-submit has-spinner\" type=\"submit\" value=\"Anfrage senden\" \/>\n<\/p><div class=\"wpcf7-response-output\" aria-hidden=\"true\"><\/div>\n<input type=\"hidden\" name=\"trp-form-language\" value=\"de\"\/><\/form>\n<\/div>","protected":false},"excerpt":{"rendered":"<p>TripTag for Companies You are running a business whose employees have to travel a lot? You are working in the traveling sector and would like to give your customers an additional feeling of security, which is why you would like to provide them with a special item of goodie? You need larger quantities with an [&#8230;]\n","protected":false},"author":1,"featured_media":0,"parent":0,"menu_order":0,"comment_status":"closed","ping_status":"closed","template":"","meta":{"footnotes":""},"class_list":["post-230","page","type-page","status-publish","hentry"],"_links":{"self":[{"href":"https:\/\/qrtriptags.com\/de\/wp-json\/wp\/v2\/pages\/230","targetHints":{"allow":["GET"]}}],"collection":[{"href":"https:\/\/qrtriptags.com\/de\/wp-json\/wp\/v2\/pages"}],"about":[{"href":"https:\/\/qrtriptags.com\/de\/wp-json\/wp\/v2\/types\/page"}],"author":[{"embeddable":true,"href":"https:\/\/qrtriptags.com\/de\/wp-json\/wp\/v2\/users\/1"}],"replies":[{"embeddable":true,"href":"https:\/\/qrtriptags.com\/de\/wp-json\/wp\/v2\/comments?post=230"}],"version-history":[{"count":0,"href":"https:\/\/qrtriptags.com\/de\/wp-json\/wp\/v2\/pages\/230\/revisions"}],"wp:attachment":[{"href":"https:\/\/qrtriptags.com\/de\/wp-json\/wp\/v2\/media?parent=230"}],"curies":[{"name":"wp","href":"https:\/\/api.w.org\/{rel}","templated":true}]}}