{"id":378,"date":"2021-10-12T13:21:03","date_gmt":"2021-10-12T11:21:03","guid":{"rendered":"https:\/\/qrtriptags.com\/terms-and-conditions\/"},"modified":"2022-12-14T14:44:11","modified_gmt":"2022-12-14T13:44:11","slug":"terms-and-conditions","status":"publish","type":"page","link":"https:\/\/qrtriptags.com\/de\/terms-and-conditions\/","title":{"rendered":"Terms and Conditions"},"content":{"rendered":"<h1>Allgemeine Gesch\u00e4ftsbedingungen<\/h1>\n<h3>Inhaltsverzeichnis<\/h3>\n<ol>\n<li>Geltungsbereich<\/li>\n<li>Vertragsschluss<\/li>\n<li>Widerrufsrecht<\/li>\n<li>Preise und Zahlungsbedingungen<\/li>\n<li>Liefer- und Versandbedingungen<\/li>\n<li>Einr\u00e4umung von Nutzungsrechten f\u00fcr digitale Inhalte<\/li>\n<li>Eigentumsvorbehalt<\/li>\n<li>M\u00e4ngelhaftung (Gew\u00e4hrleistung)<\/li>\n<li>Besondere Bedingungen f\u00fcr die Verarbeitung von Waren nach bestimmten Vorgaben des Kunden<\/li>\n<li>Einl\u00f6sung von Aktionsgutscheinen<\/li>\n<li>Anwendbares Recht<\/li>\n<li>Gerichtsstand<\/li>\n<li>Alternative Streitbeilegung<\/li>\n<\/ol>\n<h3>1) Geltungsbereich<\/h3>\n<p>1.1\u00a0Diese Allgemeinen Gesch\u00e4ftsbedingungen (nachfolgend \"AGB\") der Desigion UG (haftungsbeschr\u00e4nkt) (nachfolgend \"Verk\u00e4ufer\"), gelten f\u00fcr alle Vertr\u00e4ge zur Lieferung von Waren, die ein Verbraucher oder Unternehmer (nachfolgend \u201eKunde\u201c) mit dem Verk\u00e4ufer hinsichtlich der vom Verk\u00e4ufer in seinem Online-Shop dargestellten Waren abschlie\u00dft. Hiermit wird der Einbeziehung von eigenen Bedingungen des Kunden widersprochen, es sei denn, es ist etwas anderes vereinbart.<\/p>\n<p>1.2\u00a0F\u00fcr Vertr\u00e4ge zur Lieferung von Waren mit digitalen Elementen gelten diese AGB entsprechend, sofern insoweit nicht etwas Abweichendes geregelt ist. Dabei schuldet der Verk\u00e4ufer neben der Lieferung der Ware die Bereitstellung von digitalen Inhalten oder digitalen Dienstleistungen (nachfolgend \u201edigitale Produkte\u201c), die in einer Weise in der Ware enthalten oder mit ihr verbunden sind, dass die Ware ihre Funktionen ohne sie nicht erf\u00fcllen kann.<\/p>\n<p>1.3\u00a0F\u00fcr Vertr\u00e4ge zur Bereitstellung von digitalen Inhalten gelten diese AGB entsprechend, sofern insoweit nicht etwas Abweichendes geregelt ist. Digitale Inhalte im Sinne dieser AGB sind Daten, die in digitaler Form erstellt und bereitgestellt werden.<\/p>\n<p>1.4\u00a0Verbraucher im Sinne dieser AGB ist jede nat\u00fcrliche Person, die ein Rechtsgesch\u00e4ft zu Zwecken abschlie\u00dft, die \u00fcberwiegend weder ihrer gewerblichen noch ihrer selbst\u00e4ndigen beruflichen T\u00e4tigkeit zugerechnet werden k\u00f6nnen.<\/p>\n<p>1.5\u00a0Unternehmer im Sinne dieser AGB ist eine nat\u00fcrliche oder juristische Person oder eine rechtsf\u00e4hige Personengesellschaft, die bei Abschluss eines Rechtsgesch\u00e4fts in Aus\u00fcbung ihrer gewerblichen oder selbst\u00e4ndigen beruflichen T\u00e4tigkeit handelt.<\/p>\n<p>1.6\u00a0Gegenstand des Vertrages kann \u2013 je nach Inhaltsbeschreibung des Verk\u00e4ufers \u2013 sowohl die einmalige Bereitstellung von digitalen Inhalten, als auch die regelm\u00e4\u00dfige Bereitstellung von digitalen Inhalten (nachfolgend \u201eAbonnementvertrag\u201c) sein. Beim Abonnementvertrag verpflichtet sich der Verk\u00e4ufer, dem Kunden die vertraglich geschuldeten digitalen Inhalte f\u00fcr die Dauer der vereinbarten Vertragslaufzeit in den vertraglich vereinbarten Zeitintervallen bereitzustellen.<\/p>\n<h3>2) Vertragsschluss<\/h3>\n<p>2.1\u00a0Die im Online-Shop des Verk\u00e4ufers enthaltenen Produktbeschreibungen stellen keine verbindlichen Angebote seitens des Verk\u00e4ufers dar, sondern dienen zur Abgabe eines verbindlichen Angebots durch den Kunden.<\/p>\n<p>2.2\u00a0Der Kunde kann das Angebot \u00fcber das in den Online-Shop des Verk\u00e4ufers integrierte Online-Bestellformular abgeben. Dabei gibt der Kunde, nachdem er die ausgew\u00e4hlten Waren in den virtuellen Warenkorb gelegt und den elektronischen Bestellprozess durchlaufen hat, durch Klicken des den Bestellvorgang abschlie\u00dfenden Buttons ein rechtlich verbindliches Vertragsangebot in Bezug auf die im Warenkorb enthaltenen Waren ab. Ferner kann der Kunde das Angebot auch telefonisch, per Fax, per E-Mail oder postalisch gegen\u00fcber dem Verk\u00e4ufer abgeben.<\/p>\n<p>2.3\u00a0Der Verk\u00e4ufer kann das Angebot des Kunden innerhalb von f\u00fcnf Tagen annehmen,<\/p>\n<p>indem er dem Kunden eine schriftliche Auftragsbest\u00e4tigung oder eine Auftragsbest\u00e4tigung in Textform (Fax oder E-Mail) \u00fcbermittelt, wobei insoweit der Zugang der Auftragsbest\u00e4tigung beim Kunden ma\u00dfgeblich ist, oder<br \/>indem er dem Kunden die bestellte Ware liefert, wobei insoweit der Zugang der Ware beim Kunden ma\u00dfgeblich ist, oder<br \/>indem er den Kunden nach Abgabe von dessen Bestellung zur Zahlung auffordert.<\/p>\n<p>Liegen mehrere der vorgenannten Alternativen vor, kommt der Vertrag in dem Zeitpunkt zustande, in dem eine der vorgenannten Alternativen zuerst eintritt. Die Frist zur Annahme des Angebots beginnt am Tag nach der Absendung des Angebots durch den Kunden zu laufen und endet mit dem Ablauf des f\u00fcnften Tages, welcher auf die Absendung des Angebots folgt. Nimmt der Verk\u00e4ufer das Angebot des Kunden innerhalb vorgenannter Frist nicht an, so gilt dies als Ablehnung des Angebots mit der Folge, dass der Kunde nicht mehr an seine Willenserkl\u00e4rung gebunden ist.<\/p>\n<p>2.4\u00a0Bei Auswahl einer von PayPal angebotenen Zahlungsart erfolgt die Zahlungsabwicklung \u00fcber den Zahlungsdienstleister PayPal (Europe) S.\u00e0 r.l. et Cie, S.C.A., 22-24 Boulevard Royal, L-2449 Luxemburg (im Folgenden: \u201ePayPal\u201c), unter Geltung der PayPal-Nutzungsbedingungen, einsehbar unter https:\/\/www.paypal.com\/de\/webapps\/mpp\/ua\/useragreement-full oder - falls der Kunde nicht \u00fcber ein PayPal-Konto verf\u00fcgt \u2013 unter Geltung der Bedingungen f\u00fcr Zahlungen ohne PayPal-Konto, einsehbar unter https:\/\/www.paypal.com\/de\/webapps\/mpp\/ua\/privacywax-full. Zahlt der Kunde mittels einer im Online-Bestellvorgang ausw\u00e4hlbaren von PayPal angebotenen Zahlungsart, erkl\u00e4rt der Verk\u00e4ufer schon jetzt die Annahme des Angebots des Kunden in dem Zeitpunkt, in dem der Kunde den Button anklickt, welcher den Bestellvorgang abschlie\u00dft.<\/p>\n<p>2.5\u00a0Bei Auswahl der Zahlungsart \"Amazon Payments\" erfolgt die Zahlungsabwicklung \u00fcber den Zahlungsdienstleister Amazon Payments Europe s.c.a., 38 avenue John F. Kennedy, L-1855 Luxemburg (im Folgenden: \u201eAmazon\u201c), unter Geltung der Amazon Payments Europe Nutzungsvereinbarung, einsehbar unter https:\/\/payments.amazon.de\/help\/201751590. W\u00e4hlt der Kunde im Rahmen des Online-Bestellvorgangs \u201eAmazon Payments\u201c als Zahlungsart aus, erteilt er durch Klicken des den Bestellvorgang abschlie\u00dfenden Buttons zugleich auch einen Zahlungsauftrag an Amazon. F\u00fcr diesen Fall erkl\u00e4rt der Verk\u00e4ufer schon jetzt die Annahme des Angebots des Kunden in dem Zeitpunkt, in dem der Kunde durch Klicken des den Bestellvorgang abschlie\u00dfenden Buttons den Zahlungsvorgang ausl\u00f6st.<\/p>\n<p>2.6\u00a0Bei der Abgabe eines Angebots \u00fcber das Online-Bestellformular des Verk\u00e4ufers wird der Vertragstext nach dem Vertragsschluss vom Verk\u00e4ufer gespeichert und dem Kunden nach Absendung von dessen Bestellung in Textform (z. B. E-Mail, Fax oder Brief) \u00fcbermittelt. Eine dar\u00fcber hinausgehende Zug\u00e4nglichmachung des Vertragstextes durch den Verk\u00e4ufer erfolgt nicht. Sofern der Kunde vor Absendung seiner Bestellung ein Nutzerkonto im Online-Shop des Verk\u00e4ufers eingerichtet hat, werden die Bestelldaten auf der Website des Verk\u00e4ufers archiviert und k\u00f6nnen vom Kunden \u00fcber dessen passwortgesch\u00fctztes Nutzerkonto unter Angabe der entsprechenden Login-Daten kostenlos abgerufen werden.<\/p>\n<p>2.7\u00a0Vor verbindlicher Abgabe der Bestellung \u00fcber das Online-Bestellformular des Verk\u00e4ufers kann der Kunde m\u00f6gliche Eingabefehler durch aufmerksames Lesen der auf dem Bildschirm dargestellten Informationen erkennen. Ein wirksames technisches Mittel zur besseren Erkennung von Eingabefehlern kann dabei die Vergr\u00f6\u00dferungsfunktion des Browsers sein, mit deren Hilfe die Darstellung auf dem Bildschirm vergr\u00f6\u00dfert wird. Seine Eingaben kann der Kunde im Rahmen des elektronischen Bestellprozesses so lange \u00fcber die \u00fcblichen Tastatur- und Mausfunktionen korrigieren, bis er den Button anklickt, welcher den Bestellvorgang abschlie\u00dft.<\/p>\n<p>2.8\u00a0F\u00fcr den Vertragsschluss stehen die deutsche und die englische Sprache zur Verf\u00fcgung.<\/p>\n<p>2.9\u00a0Die Bestellabwicklung und Kontaktaufnahme finden in der Regel per E-Mail und automatisierter Bestellabwicklung statt. Der Kunde hat sicherzustellen, dass die von ihm zur Bestellabwicklung angegebene E-Mail-Adresse zutreffend ist, so dass unter dieser Adresse die vom Verk\u00e4ufer versandten E-Mails empfangen werden k\u00f6nnen. Insbesondere hat der Kunde bei dem Einsatz von SPAM-Filtern sicherzustellen, dass alle vom Verk\u00e4ufer oder von diesem mit der Bestellabwicklung beauftragten Dritten versandten E-Mails zugestellt werden k\u00f6nnen.<\/p>\n<h3>3) Widerrufsrecht<\/h3>\n<p>3.1\u00a0Verbrauchern steht grunds\u00e4tzlich ein Widerrufsrecht zu.<\/p>\n<p>3.2\u00a0N\u00e4here Informationen zum Widerrufsrecht ergeben sich aus der Widerrufsbelehrung des Verk\u00e4ufers.<\/p>\n<h3>4) Preise und Zahlungsbedingungen<\/h3>\n<p>4.1\u00a0Sofern sich aus der Produktbeschreibung des Verk\u00e4ufers nichts anderes ergibt, handelt es sich bei den angegebenen Preisen um Gesamtpreise, die die gesetzliche Umsatzsteuer enthalten. Gegebenenfalls zus\u00e4tzlich anfallende Liefer- und Versandkosten werden in der jeweiligen Produktbeschreibung gesondert angegeben.<\/p>\n<p>4.2\u00a0Bei Lieferungen in L\u00e4nder au\u00dferhalb der Europ\u00e4ischen Union k\u00f6nnen im Einzelfall weitere Kosten anfallen, die der Verk\u00e4ufer nicht zu vertreten hat und die vom Kunden zu tragen sind. Hierzu z\u00e4hlen beispielsweise Kosten f\u00fcr die Geld\u00fcbermittlung durch Kreditinstitute (z.B. \u00dcberweisungsgeb\u00fchren, Wechselkursgeb\u00fchren) oder einfuhrrechtliche Abgaben bzw. Steuern (z.B. Z\u00f6lle). Solche Kosten k\u00f6nnen in Bezug auf die Geld\u00fcbermittlung auch dann anfallen, wenn die Lieferung nicht in ein Land au\u00dferhalb der Europ\u00e4ischen Union erfolgt, der Kunde die Zahlung aber von einem Land au\u00dferhalb der Europ\u00e4ischen Union aus vornimmt.<\/p>\n<p>4.3\u00a0Die Zahlungsm\u00f6glichkeit\/en wird\/werden dem Kunden im Online-Shop des Verk\u00e4ufers mitgeteilt.<\/p>\n<p>4.4\u00a0Ist Vorauskasse per Bank\u00fcberweisung vereinbart, ist die Zahlung sofort nach Vertragsabschluss f\u00e4llig, sofern die Parteien keinen sp\u00e4teren F\u00e4lligkeitstermin vereinbart haben.<\/p>\n<p>4.5\u00a0Bei Auswahl einer \u00fcber den Zahlungsdienst \u201ePayPal\u201c angebotenen Zahlungsart erfolgt die Zahlungsabwicklung \u00fcber PayPal, wobei sich PayPal hierzu auch der Dienste dritter Zahlungsdienstleister bedienen kann. Sofern der Verk\u00e4ufer \u00fcber PayPal auch Zahlungsarten anbietet, bei denen er gegen\u00fcber dem Kunden in Vorleistung geht (z. B. Rechnungskauf oder Ratenzahlung), tritt er seine Zahlungsforderung insoweit an PayPal bzw. an den von PayPal beauftragten und dem Kunden konkret benannten Zahlungsdienstleister ab. Vor Annahme der Abtretungserkl\u00e4rung des Verk\u00e4ufers f\u00fchrt PayPal bzw. der von PayPal beauftragte Zahlungsdienstleister unter Verwendung der \u00fcbermittelten Kundendaten eine Bonit\u00e4tspr\u00fcfung durch. Der Verk\u00e4ufer beh\u00e4lt sich vor, dem Kunden die ausgew\u00e4hlte Zahlungsart im Falle eines negativen Pr\u00fcfungsergebnisses zu verweigern. Bei Zulassung der ausgew\u00e4hlten Zahlungsart hat der Kunde den Rechnungsbetrag innerhalb der vereinbarten Zahlungsfrist bzw. in den vereinbarten Zahlungsintervallen zu bezahlen. Er kann in diesem Fall nur an PayPal bzw. den von PayPal beauftragten Zahlungsdienstleister mit schuldbefreiender Wirkung leisten. Der Verk\u00e4ufer bleibt jedoch auch im Falle der Forderungsabtretung zust\u00e4ndig f\u00fcr allgemeine Kundenanfragen z. B. zur Ware, Lieferzeit, Versendung, Retouren, Reklamationen, Widerrufserkl\u00e4rungen und -zusendungen oder Gutschriften.<\/p>\n<h3>5) Liefer- und Versandbedingungen<\/h3>\n<p>5.1\u00a0Bietet der Verk\u00e4ufer den Versand der Ware an, so erfolgt die Lieferung innerhalb des vom Verk\u00e4ufer angegebenen Liefergebietes an die vom Kunden angegebene Lieferanschrift, sofern nichts anderes vereinbart ist. Bei der Abwicklung der Transaktion ist die in der Bestellabwicklung des Verk\u00e4ufers angegebene Lieferanschrift ma\u00dfgeblich. Abweichend hiervon ist bei Auswahl der Zahlungsart PayPal die vom Kunden zum Zeitpunkt der Bezahlung bei PayPal hinterlegte Lieferanschrift ma\u00dfgeblich.<\/p>\n<p>5.2\u00a0Scheitert die Zustellung der Ware aus Gr\u00fcnden, die der Kunde zu vertreten hat, tr\u00e4gt der Kunde die dem Verk\u00e4ufer hierdurch entstehenden angemessenen Kosten. Dies gilt im Hinblick auf die Kosten f\u00fcr die Hinsendung nicht, wenn der Kunde sein Widerrufsrecht wirksam aus\u00fcbt. F\u00fcr die R\u00fccksendekosten gilt bei wirksamer Aus\u00fcbung des Widerrufsrechts durch den Kunden die in der Widerrufsbelehrung des Verk\u00e4ufers hierzu getroffene Regelung.<\/p>\n<p>5.3\u00a0Handelt der Kunde als Unternehmer, geht die Gefahr des zuf\u00e4lligen Untergangs und der zuf\u00e4lligen Verschlechterung der verkauften Ware auf den Kunden \u00fcber, sobald der Verk\u00e4ufer die Sache dem Spediteur, dem Frachtf\u00fchrer oder der sonst zur Ausf\u00fchrung der Versendung bestimmten Person oder Anstalt ausgeliefert hat. Handelt der Kunde als Verbraucher, geht die Gefahr des zuf\u00e4lligen Untergangs und der zuf\u00e4lligen Verschlechterung der verkauften Ware grunds\u00e4tzlich erst mit \u00dcbergabe der Ware an den Kunden oder eine empfangsberechtigte Person \u00fcber. Abweichend hiervon geht die Gefahr des zuf\u00e4lligen Untergangs und der zuf\u00e4lligen Verschlechterung der verkauften Ware auch bei Verbrauchern bereits auf den Kunden \u00fcber, sobald der Verk\u00e4ufer die Sache dem Spediteur, dem Frachtf\u00fchrer oder der sonst zur Ausf\u00fchrung der Versendung bestimmten Person oder Anstalt ausgeliefert hat, wenn der Kunde den Spediteur, den Frachtf\u00fchrer oder die sonst zur Ausf\u00fchrung der Versendung bestimmte Person oder Anstalt mit der Ausf\u00fchrung beauftragt und der Verk\u00e4ufer dem Kunden diese Person oder Anstalt zuvor nicht benannt hat.<\/p>\n<p>5.4\u00a0Der Verk\u00e4ufer beh\u00e4lt sich das Recht vor, im Falle nicht richtiger oder nicht ordnungsgem\u00e4\u00dfer Selbstbelieferung vom Vertrag zur\u00fcckzutreten. Dies gilt nur f\u00fcr den Fall, dass die Nichtlieferung nicht vom Verk\u00e4ufer zu vertreten ist und dieser mit der gebotenen Sorgfalt ein konkretes Deckungsgesch\u00e4ft mit dem Zulieferer abgeschlossen hat. Der Verk\u00e4ufer wird alle zumutbaren Anstrengungen unternehmen, um die Ware zu beschaffen. Im Falle der Nichtverf\u00fcgbarkeit oder der nur teilweisen Verf\u00fcgbarkeit der Ware wird der Kunde unverz\u00fcglich informiert und die Gegenleistung unverz\u00fcglich erstattet.<\/p>\n<p>5.5\u00a0Selbstabholung ist aus logistischen Gr\u00fcnden nicht m\u00f6glich.<\/p>\n<p>5.6\u00a0Digitale Inhalte werden dem Kunden wie folgt bereitgestellt:<\/p>\n<p>- per E-Mail<\/p>\n<h3>6) Einr\u00e4umung von Nutzungsrechten f\u00fcr digitale Inhalte<\/h3>\n<p>6.1\u00a0Sofern sich aus der Inhaltsbeschreibung im Online-Shop des Verk\u00e4ufers nichts anderes ergibt, r\u00e4umt der Verk\u00e4ufer dem Kunden an den bereitgestellten Inhalten das nicht ausschlie\u00dfliche, \u00f6rtlich und zeitlich unbeschr\u00e4nkte Recht ein, die Inhalte zu privaten sowie zu kommerziellen Zwecken zu nutzen.<\/p>\n<p>6.2\u00a0Eine Weitergabe der Inhalte an Dritte oder die Erstellung von Kopien f\u00fcr Dritte au\u00dferhalb des Rahmens dieser AGB ist nicht gestattet, soweit nicht der Verk\u00e4ufer einer \u00dcbertragung der vertragsgegenst\u00e4ndlichen Lizenz an den Dritten zugestimmt hat.<\/p>\n<p>6.3\u00a0Soweit sich der Vertrag auf die einmalige Bereitstellung eines digitalen Inhalts bezieht, wird die Rechtseinr\u00e4umung erst wirksam, wenn der Kunde die geschuldete Verg\u00fctung vollst\u00e4ndig geleistet hat. Der Verk\u00e4ufer kann eine Benutzung der vertragsgegenst\u00e4ndlichen Inhalte auch schon vor diesem Zeitpunkt vorl\u00e4ufig erlauben. Ein \u00dcbergang der Rechte findet durch eine solche vorl\u00e4ufige Erlaubnis nicht statt.<\/p>\n<h3>7) Eigentumsvorbehalt<\/h3>\n<p>Tritt der Verk\u00e4ufer in Vorleistung, beh\u00e4lt er sich bis zur vollst\u00e4ndigen Bezahlung des geschuldeten Kaufpreises das Eigentum an der gelieferten Ware vor.<\/p>\n<h3>8) M\u00e4ngelhaftung (Gew\u00e4hrleistung)<\/h3>\n<p>8.1\u00a0Soweit sich aus den nachfolgenden Regelungen nichts anderes ergibt, gelten die Vorschriften der gesetzlichen M\u00e4ngelhaftung. Hiervon abweichend gilt bei Vertr\u00e4gen zur Lieferung von Waren:<\/p>\n<p>8.2\u00a0Handelt der Kunde als Unternehmer,<\/p>\n<p>hat der Verk\u00e4ufer die Wahl der Art der Nacherf\u00fcllung;<br \/>betr\u00e4gt bei neuen Waren die Verj\u00e4hrungsfrist f\u00fcr M\u00e4ngel ein Jahr ab Ablieferung der Ware;<br \/>sind bei gebrauchten Waren die Rechte und Anspr\u00fcche wegen M\u00e4ngeln ausgeschlossen;<br \/>beginnt die Verj\u00e4hrung nicht erneut, wenn im Rahmen der M\u00e4ngelhaftung eine Ersatzlieferung erfolgt.<\/p>\n<p>8.3\u00a0Die vorstehend geregelten Haftungsbeschr\u00e4nkungen und Fristverk\u00fcrzungen gelten nicht<\/p>\n<p>f\u00fcr Schadensersatz- und Aufwendungsersatzanspr\u00fcche des Kunden,<br \/>f\u00fcr den Fall, dass der Verk\u00e4ufer den Mangel arglistig verschwiegen hat,<br \/>f\u00fcr Waren, die entsprechend ihrer \u00fcblichen Verwendungsweise f\u00fcr ein Bauwerk verwendet worden sind und dessen Mangelhaftigkeit verursacht haben,<br \/>f\u00fcr eine ggf. bestehende Verpflichtung des Verk\u00e4ufers zur Bereitstellung von Aktualisierungen f\u00fcr digitale Produkte, bei Vertr\u00e4gen zur Lieferung von Waren mit digitalen Elementen.<\/p>\n<p>8.4\u00a0Dar\u00fcber hinaus gilt f\u00fcr Unternehmer, dass die gesetzlichen Verj\u00e4hrungsfristen f\u00fcr einen ggf. bestehenden gesetzlichen R\u00fcckgriffsanspruch unber\u00fchrt bleiben.<\/p>\n<p>8.5\u00a0Handelt der Kunde als Kaufmann i.S.d. \u00a7 1 HGB, trifft ihn die kaufm\u00e4nnische Untersuchungs- und R\u00fcgepflicht gem\u00e4\u00df \u00a7 377 HGB. Unterl\u00e4sst der Kunde die dort geregelten Anzeigepflichten, gilt die Ware als genehmigt.<\/p>\n<p>8.6\u00a0Handelt der Kunde als Verbraucher, so wird er gebeten, angelieferte Waren mit offensichtlichen Transportsch\u00e4den bei dem Zusteller zu reklamieren und den Verk\u00e4ufer hiervon in Kenntnis zu setzen. Kommt der Kunde dem nicht nach, hat dies keinerlei Auswirkungen auf seine gesetzlichen oder vertraglichen M\u00e4ngelanspr\u00fcche.<\/p>\n<h3>9) Besondere Bedingungen f\u00fcr die Verarbeitung von Waren nach bestimmten Vorgaben des Kunden<\/h3>\n<p>9.1\u00a0Schuldet der Verk\u00e4ufer nach dem Inhalt des Vertrages neben der Warenlieferung auch die Verarbeitung der Ware nach bestimmten Vorgaben des Kunden, hat der Kunde dem Verk\u00e4ufer alle f\u00fcr die Verarbeitung erforderlichen Inhalte wie Texte, Bilder oder Grafiken in den vom Verk\u00e4ufer vorgegebenen Dateiformaten, Formatierungen, Bild- und Dateigr\u00f6\u00dfen zur Verf\u00fcgung zu stellen und ihm die hierf\u00fcr erforderlichen Nutzungsrechte einzur\u00e4umen. F\u00fcr die Beschaffung und den Rechteerwerb an diesen Inhalten ist allein der Kunde verantwortlich. Der Kunde erkl\u00e4rt und \u00fcbernimmt die Verantwortung daf\u00fcr, dass er das Recht besitzt, die dem Verk\u00e4ufer \u00fcberlassenen Inhalte zu nutzen. Er tr\u00e4gt insbesondere daf\u00fcr Sorge, dass hierdurch keine Rechte Dritter verletzt werden, insbesondere Urheber-, Marken- und Pers\u00f6nlichkeitsrechte.<\/p>\n<p>9.2\u00a0Der Kunde stellt den Verk\u00e4ufer von Anspr\u00fcchen Dritter frei, die diese im Zusammenhang mit einer Verletzung ihrer Rechte durch die vertragsgem\u00e4\u00dfe Nutzung der Inhalte des Kunden durch den Verk\u00e4ufer diesem gegen\u00fcber geltend machen k\u00f6nnen. Der Kunde \u00fcbernimmt hierbei auch die notwendigen Kosten der Rechtsverteidigung einschlie\u00dflich aller Gerichts- und Anwaltskosten in gesetzlicher H\u00f6he. Dies gilt nicht, wenn die Rechtsverletzung vom Kunden nicht zu vertreten ist. Der Kunde ist verpflichtet, dem Verk\u00e4ufer im Falle einer Inanspruchnahme durch Dritte unverz\u00fcglich, wahrheitsgem\u00e4\u00df und vollst\u00e4ndig alle Informationen zur Verf\u00fcgung zu stellen, die f\u00fcr die Pr\u00fcfung der Anspr\u00fcche und eine Verteidigung erforderlich sind.<\/p>\n<p>9.3\u00a0Der Verk\u00e4ufer beh\u00e4lt sich vor, Verarbeitungsauftr\u00e4ge abzulehnen, wenn die vom Kunden hierf\u00fcr \u00fcberlassenen Inhalte gegen gesetzliche oder beh\u00f6rdliche Verbote oder gegen die guten Sitten versto\u00dfen. Dies gilt insbesondere bei \u00dcberlassung verfassungsfeindlicher, rassistischer, fremdenfeindlicher, diskriminierender, beleidigender, Jugend gef\u00e4hrdender und\/oder Gewalt verherrlichender Inhalte.<\/p>\n<h3>10) Einl\u00f6sung von Aktionsgutscheinen<\/h3>\n<p>10.1\u00a0Gutscheine, die vom Verk\u00e4ufer im Rahmen von Werbeaktionen mit einer bestimmten G\u00fcltigkeitsdauer unentgeltlich ausgegeben werden und die vom Kunden nicht k\u00e4uflich erworben werden k\u00f6nnen (nachfolgend \"Aktionsgutscheine\"), k\u00f6nnen nur im Online-Shop des Verk\u00e4ufers und nur im angegebenen Zeitraum eingel\u00f6st werden.<\/p>\n<p>10.2\u00a0Einzelne Produkte k\u00f6nnen von der Gutscheinaktion ausgeschlossen sein, sofern sich eine entsprechende Einschr\u00e4nkung aus dem Inhalt des Aktionsgutscheins ergibt.<\/p>\n<p>10.3\u00a0Aktionsgutscheine k\u00f6nnen nur vor Abschluss des Bestellvorgangs eingel\u00f6st werden. Eine nachtr\u00e4gliche Verrechnung ist nicht m\u00f6glich.<\/p>\n<p>10.4\u00a0Bei einer Bestellung k\u00f6nnen auch mehrere Aktionsgutscheine eingel\u00f6st werden.<\/p>\n<p>10.5\u00a0Der Warenwert muss mindestens dem Betrag des Aktionsgutscheins entsprechen. Etwaiges Restguthaben wird vom Verk\u00e4ufer nicht erstattet.<\/p>\n<p>10.6\u00a0Reicht der Wert des Aktionsgutscheins zur Deckung der Bestellung nicht aus, kann zur Begleichung des Differenzbetrages eine der \u00fcbrigen vom Verk\u00e4ufer angebotenen Zahlungsarten gew\u00e4hlt werden.<\/p>\n<p>10.7\u00a0Das Guthaben eines Aktionsgutscheins wird weder in Bargeld ausgezahlt noch verzinst.<\/p>\n<p>10.8\u00a0Der Aktionsgutschein wird nicht erstattet, wenn der Kunde die mit dem Aktionsgutschein ganz oder teilweise bezahlte Ware im Rahmen seines gesetzlichen Widerrufsrechts zur\u00fcckgibt.<\/p>\n<p>10.9\u00a0Der Aktionsgutschein ist \u00fcbertragbar. Der Verk\u00e4ufer kann mit befreiender Wirkung an den jeweiligen Inhaber, der den Aktionsgutschein im Online-Shop des Verk\u00e4ufers einl\u00f6st, leisten. Dies gilt nicht, wenn der Verk\u00e4ufer Kenntnis oder grob fahrl\u00e4ssige Unkenntnis von der Nichtberechtigung, der Gesch\u00e4ftsunf\u00e4higkeit oder der fehlenden Vertretungsberechtigung des jeweiligen Inhabers hat.<\/p>\n<h3>11) Anwendbares Recht<\/h3>\n<p>F\u00fcr s\u00e4mtliche Rechtsbeziehungen der Parteien gilt das Recht der Bundesrepublik Deutschland unter Ausschluss der Gesetze \u00fcber den internationalen Kauf beweglicher Waren. Bei Verbrauchern gilt diese Rechtswahl nur insoweit, als nicht der gew\u00e4hrte Schutz durch zwingende Bestimmungen des Rechts des Staates, in dem der Verbraucher seinen gew\u00f6hnlichen Aufenthalt hat, entzogen wird.<\/p>\n<h3>12) Gerichtsstand<\/h3>\n<p>Handelt der Kunde als Kaufmann, juristische Person des \u00f6ffentlichen Rechts oder \u00f6ffentlich-rechtliches Sonderverm\u00f6gen mit Sitz im Hoheitsgebiet der Bundesrepublik Deutschland, ist ausschlie\u00dflicher Gerichtsstand f\u00fcr alle Streitigkeiten aus diesem Vertrag der Gesch\u00e4ftssitz des Verk\u00e4ufers. Hat der Kunde seinen Sitz au\u00dferhalb des Hoheitsgebiets der Bundesrepublik Deutschland, so ist der Gesch\u00e4ftssitz des Verk\u00e4ufers ausschlie\u00dflicher Gerichtsstand f\u00fcr alle Streitigkeiten aus diesem Vertrag, wenn der Vertrag oder Anspr\u00fcche aus dem Vertrag der beruflichen oder gewerblichen T\u00e4tigkeit des Kunden zugerechnet werden k\u00f6nnen. Der Verk\u00e4ufer ist in den vorstehenden F\u00e4llen jedoch in jedem Fall berechtigt, das Gericht am Sitz des Kunden anzurufen.<\/p>\n<h3>13) Alternative Streitbeilegung<\/h3>\n<p>13.1\u00a0Die EU-Kommission stellt im Internet unter folgendem Link eine Plattform zur Online-Streitbeilegung bereit: https:\/\/ec.europa.eu\/consumers\/odr<\/p>\n<p>Diese Plattform dient als Anlaufstelle zur au\u00dfergerichtlichen Beilegung von Streitigkeiten aus Online-Kauf- oder Dienstleistungsvertr\u00e4gen, an denen ein Verbraucher beteiligt ist.<\/p>\n<p>13.2\u00a0Der Verk\u00e4ufer ist zur Teilnahme an einem Streitbeilegungsverfahren vor einer Verbraucherschlichtungsstelle weder verpflichtet noch bereit.<\/p>","protected":false},"excerpt":{"rendered":"<p>TERMS AND CONDITIONS Table of contents Scope of application Conclusion of contract Right of withdrawal Prices and terms of payment Delivery and shipping conditions Granting of rights of use for digital contents Retention of title Liability for defects (warranty) Special conditions for the processing of goods according to certain specifications of the customer Redemption of [&#8230;]\n","protected":false},"author":1,"featured_media":0,"parent":0,"menu_order":0,"comment_status":"closed","ping_status":"closed","template":"","meta":{"footnotes":""},"class_list":["post-378","page","type-page","status-publish","hentry"],"_links":{"self":[{"href":"https:\/\/qrtriptags.com\/de\/wp-json\/wp\/v2\/pages\/378","targetHints":{"allow":["GET"]}}],"collection":[{"href":"https:\/\/qrtriptags.com\/de\/wp-json\/wp\/v2\/pages"}],"about":[{"href":"https:\/\/qrtriptags.com\/de\/wp-json\/wp\/v2\/types\/page"}],"author":[{"embeddable":true,"href":"https:\/\/qrtriptags.com\/de\/wp-json\/wp\/v2\/users\/1"}],"replies":[{"embeddable":true,"href":"https:\/\/qrtriptags.com\/de\/wp-json\/wp\/v2\/comments?post=378"}],"version-history":[{"count":0,"href":"https:\/\/qrtriptags.com\/de\/wp-json\/wp\/v2\/pages\/378\/revisions"}],"wp:attachment":[{"href":"https:\/\/qrtriptags.com\/de\/wp-json\/wp\/v2\/media?parent=378"}],"curies":[{"name":"wp","href":"https:\/\/api.w.org\/{rel}","templated":true}]}}